{"id":2464,"date":"2024-08-02T16:47:30","date_gmt":"2024-08-02T14:47:30","guid":{"rendered":"https:\/\/cosmostextil.com\/%d0%b3%d0%bb%d0%b0%d0%b2%d0%bd%d0%b0%d1%8f-%d1%81%d1%82%d1%80%d0%b0%d0%bd%d0%b8%d1%86%d0%b0\/"},"modified":"2024-08-02T18:14:22","modified_gmt":"2024-08-02T16:14:22","slug":"%d0%b3%d0%bb%d0%b0%d0%b2%d0%bd%d0%b0%d1%8f-%d1%81%d1%82%d1%80%d0%b0%d0%bd%d0%b8%d1%86%d0%b0","status":"publish","type":"page","link":"https:\/\/cosmostextil.com\/ru\/","title":{"rendered":"\u0413\u043b\u0430\u0432\u043d\u0430\u044f \u0441\u0442\u0440\u0430\u043d\u0438\u0446\u0430"},"content":{"rendered":"<h1 class=\"wp-block-heading\">\u0422\u043e\u0440\u0433\u043e\u0432\u0430\u044f \u0441\u0435\u0442\u044c<\/h1>In enger Zusammenarbeit mit unseren Partnern haben wir ein umfassendes Vertriebsnetz in 35 L\u00e4ndern aufgebaut, das insgesamt mehr als 1.200 B2B und B2C Kunden erreicht. J\u00e4hrlich bewegt sich unser Verkaufsvolumen bei etwa 8 Millionen Artikeln, die ausschlie\u00dflich in autorisierte L\u00e4nder abgesetzt werden.EuropaAsienAfrikaNaher OstenNord-, S\u00fcd- und Mittelamerika<figure class=\"wp-block-image size-full\"><img loading=\"lazy\" decoding=\"async\" width=\"1792\" height=\"1024\" src=\"https:\/\/cosmostextil.com\/wp-content\/uploads\/2023\/11\/world-map-cloth-1.jpg\" alt=\"\" class=\"wp-image-2194\" srcset=\"https:\/\/cosmostextil.com\/wp-content\/uploads\/2023\/11\/world-map-cloth-1.jpg 1792w, https:\/\/cosmostextil.com\/wp-content\/uploads\/2023\/11\/world-map-cloth-1-300x171.jpg 300w, https:\/\/cosmostextil.com\/wp-content\/uploads\/2023\/11\/world-map-cloth-1-1024x585.jpg 1024w, https:\/\/cosmostextil.com\/wp-content\/uploads\/2023\/11\/world-map-cloth-1-768x439.jpg 768w, https:\/\/cosmostextil.com\/wp-content\/uploads\/2023\/11\/world-map-cloth-1-1536x878.jpg 1536w\" sizes=\"auto, (max-width: 1792px) 100vw, 1792px\" \/><\/figure><h1 class=\"wp-block-heading\">\u0423\u043c\u043d\u043e\u0435 \u0440\u0435\u0448\u0435\u043d\u0438\u0435 \u0434\u043b\u044f \u0441\u0442\u0430\u0440\u044b\u0445 \u0442\u0435\u043a\u0441\u0442\u0438\u043b\u044c\u043d\u044b\u0445 \u0437\u0430\u043f\u0430\u0441\u043e\u0432.<\/h1>Entdecken Sie, wie Cosmos Textil Ihnen helfen kann mehr aus Ihren \u00fcbersch\u00fcssigen Textilien zu machen. Nutzen Sie die 30-j\u00e4hrige Erfahrung von Cosmos Textil.<figure class=\"wp-block-image size-full\"><img loading=\"lazy\" decoding=\"async\" width=\"1216\" height=\"1216\" src=\"https:\/\/cosmostextil.com\/wp-content\/uploads\/2024\/02\/magnific-Mhmao8pvXrOKJVBZBkOW-world.jpeg\" alt=\"\" class=\"wp-image-2345\" srcset=\"https:\/\/cosmostextil.com\/wp-content\/uploads\/2024\/02\/magnific-Mhmao8pvXrOKJVBZBkOW-world.jpeg 1216w, https:\/\/cosmostextil.com\/wp-content\/uploads\/2024\/02\/magnific-Mhmao8pvXrOKJVBZBkOW-world-300x300.jpeg 300w, https:\/\/cosmostextil.com\/wp-content\/uploads\/2024\/02\/magnific-Mhmao8pvXrOKJVBZBkOW-world-1024x1024.jpeg 1024w, https:\/\/cosmostextil.com\/wp-content\/uploads\/2024\/02\/magnific-Mhmao8pvXrOKJVBZBkOW-world-150x150.jpeg 150w, https:\/\/cosmostextil.com\/wp-content\/uploads\/2024\/02\/magnific-Mhmao8pvXrOKJVBZBkOW-world-768x768.jpeg 768w\" sizes=\"auto, (max-width: 1216px) 100vw, 1216px\" \/><\/figure><div class=\"wp-block-buttons is-layout-flex wp-block-buttons-is-layout-flex\"><div class=\"wp-block-button\"><a class=\"wp-block-button__link\">\u041a\u041e\u041d\u0422\u0410\u041a\u0422<\/a><\/div><\/div><h2 class=\"wp-block-heading\">\u0420\u0430\u0441\u043a\u0440\u043e\u0439\u0442\u0435 \u043f\u043e\u0442\u0435\u043d\u0446\u0438\u0430\u043b \u0412\u0430\u0448\u0435\u0433\u043e \u0441\u0442\u0430\u0440\u043e\u0433\u043e \u0442\u0435\u043a\u0441\u0442\u0438\u043b\u044f.<\/h2>Unser Unternehmen steht f\u00fcr nachhaltigen Erfolg durch weltweite Partnerschaften, ein Vertriebsnetz in 35 L\u00e4ndern und die Bereitstellung von j\u00e4hrlich 8 Millionen Artikeln von 90 renommierten Modemarken. Mit einem Fokus auf nachhaltigem Wachstum und einer Lagerfl\u00e4che von 6.000 Quadratmetern leisten wir einen bedeutenden Beitrag zur nachhaltigen Wertsch\u00f6pfungskette der Modeindustrie.Die Expertise von Cosmos Textil liegt im internationalen Ankauf und Verkauf von Fashion-Lagerbest\u00e4nden. Mit \u00fcber 25 Jahren Erfahrung bieten wir Ihnen eine professionelle Zusammenarbeit, die auf Fachwissen und nachhaltige Betreuung basiert.<h2 class=\"has-text-align-center wp-block-heading\">\u041f\u0440\u0435\u0438\u043c\u0443\u0449\u0435\u0441\u0442\u0432\u0430 \u043f\u0430\u0440\u0442\u043d\u0435\u0440\u0441\u0442\u0432\u0430 \u0441 Cosmos Textil<\/h2><h3 class=\"wp-block-heading\">\u0410\u0441\u043f\u0435\u043a\u0442\u044b \u0431\u0435\u0437\u043e\u043f\u0430\u0441\u043d\u043e\u0441\u0442\u0438<\/h3>Alle Einkaufs- und Verkaufsprozesse sind von h\u00f6chster Sorgfalt gepr\u00e4gt, um die Rechte unserer Markenpartner zu gew\u00e4hrleisten. \nUnser oberstes Anliegen, ist es sicherzustellen, dass die von uns gehandelten Waren, ausschlie\u00dflich in autorisierten L\u00e4ndern vermarktet werden. Diese Vorgehensweise gew\u00e4hrleistet, dass unsere Partner die volle Kontrolle \u00fcber ihre Markenprodukte behalten und ein positiver Beitrag zur Pflege des Ansehens der Marken erbracht wird.<h3 class=\"wp-block-heading\">\u041b\u043e\u0433\u0438\u0441\u0442\u0438\u0447\u0435\u0441\u043a\u0430\u044f \u043e\u0431\u0440\u0430\u0431\u043e\u0442\u043a\u0430<\/h3>Unsere Logistikmanager sind darauf spezialisiert individuelle Abholungen und Lieferungen effizient und nachhaltig im Einklang mit der &#8211; und Kostenaspekten zu planen. Unsere Frachtmanager k\u00f6nnen den Logistikprozess auf dem Luft-, See- oder Landweg organisieren, je nach Ihren individuellen Anforderungen.<h3 class=\"wp-block-heading\">\u0422\u043e\u0440\u0433\u043e\u0432\u0430\u044f \u0434\u0435\u044f\u0442\u0435\u043b\u044c\u043d\u043e\u0441\u0442\u044c<\/h3>Die Cosmos Textil ist darauf spezialisiert, die Modeindustrie bei der sicheren und transparenten Abwicklung von Restbest\u00e4nden, Online-Retouren und Kundenreklamationen zu unterst\u00fctzen. Als Zweitvermarkter bieten wir nicht nur ausgemusterten Waren eine neue Perspektive, sondern unterst\u00fctzen Sie auch aktiv dabei, ihre Lagerplatzplanung besser zu optimieren. Bei dieser nachhaltigen Prozesskette werden nat\u00fcrliche Ressourcen geschont und die eigene Umweltbilanz verbessert.<h3 class=\"wp-block-heading\">\u041f\u0440\u0435\u0438\u043c\u0443\u0449\u0435\u0441\u0442\u0432\u0430 \u043f\u0430\u0440\u0442\u043d\u0435\u0440\u0441\u0442\u0432\u0430 \u0441 Cosmos Textil<\/h3>Die Zusammenarbeit mit Cosmos Textil bringt eine Vielzahl von Vorteilen mit sich, die auf unserer langj\u00e4hrigen Expertise im internationalen Ankauf und Verkauf von Fashion-Lagerbest\u00e4nden fundiert. Mit 25 Jahren Erfahrung bieten wir Ihnen eine professionelle Partnerschaft, basierend auf einem umfassenden Fachwissen und einer nachhaltigen Betreuung.L\u00e4nder<figure class=\"wp-block-image size-full\"><img loading=\"lazy\" decoding=\"async\" width=\"213\" height=\"213\" src=\"https:\/\/cosmostextil.com\/wp-content\/uploads\/2023\/11\/logistics-lupe.png\" alt=\"\" class=\"wp-image-2159\" srcset=\"https:\/\/cosmostextil.com\/wp-content\/uploads\/2023\/11\/logistics-lupe.png 213w, https:\/\/cosmostextil.com\/wp-content\/uploads\/2023\/11\/logistics-lupe-150x150.png 150w\" sizes=\"auto, (max-width: 213px) 100vw, 213px\" \/><\/figure><h3 class=\"wp-block-heading\">\u041a\u043e\u043b\u043b\u0435\u043a\u0446\u0438\u044f<\/h3><figure class=\"wp-block-image size-full\"><img loading=\"lazy\" decoding=\"async\" width=\"190\" height=\"191\" src=\"https:\/\/cosmostextil.com\/wp-content\/uploads\/2023\/11\/euro-lupe.png\" alt=\"\" class=\"wp-image-2154\" srcset=\"https:\/\/cosmostextil.com\/wp-content\/uploads\/2023\/11\/euro-lupe.png 190w, https:\/\/cosmostextil.com\/wp-content\/uploads\/2023\/11\/euro-lupe-150x150.png 150w\" sizes=\"auto, (max-width: 190px) 100vw, 190px\" \/><\/figure><h3 class=\"wp-block-heading\">\u041e\u043f\u043b\u0430\u0442\u0430<\/h3><h3 class=\"wp-block-heading\">\u041e\u0446\u0435\u043d\u043a\u0430<\/h3>Bis Ihr Inhalt fertig ist<h2 class=\"wp-block-heading\">\u041e\u043f\u0435\u0440\u0430\u0446\u0438\u044f \u043f\u043e\u043a\u0443\u043f\u043a\u0438<\/h2>Unser Fokus liegt auf dem Ankauf von Restposten sowie auf Retouren von Einzelhandels- und Online-Kunden. Diese vielf\u00e4ltigen Lagerbest\u00e4nde werden von erfahrenen Teams unserer Partner sorgf\u00e4ltig gepr\u00fcft. Mit unserer langj\u00e4hrigen Erfahrung stellen wir sicher, dass die Waren optimal sortiert und kombiniert werden. Nach dieser gr\u00fcndlichen Selektion werden die Artikel in verkaufsfertigen Ballen professionell verpackt.<figure class=\"wp-block-image size-full\"><img loading=\"lazy\" decoding=\"async\" width=\"668\" height=\"668\" src=\"https:\/\/cosmostextil.com\/wp-content\/uploads\/2023\/11\/cloth-ausrufezeichen.jpg\" alt=\"\" class=\"wp-image-2164\" srcset=\"https:\/\/cosmostextil.com\/wp-content\/uploads\/2023\/11\/cloth-ausrufezeichen.jpg 668w, https:\/\/cosmostextil.com\/wp-content\/uploads\/2023\/11\/cloth-ausrufezeichen-300x300.jpg 300w, https:\/\/cosmostextil.com\/wp-content\/uploads\/2023\/11\/cloth-ausrufezeichen-150x150.jpg 150w\" sizes=\"auto, (max-width: 668px) 100vw, 668px\" \/><\/figure>Cosmos Textil Trading verpflichtet sich zu einem H\u00f6chstma\u00df an Verantwortung gegen\u00fcber seinen Vertragspartnern.<h3 class=\"wp-block-heading\">\u041f\u0440\u043e\u0446\u0435\u0441\u0441 \u043e\u0446\u0435\u043d\u043a\u0438<\/h3>Unsere Preisgestaltung basiert auf einer individuellen Anpassung an die Bed\u00fcrfnisse unserer Vertragspartner. Wir ber\u00fccksichtigen sorgf\u00e4ltig alle vereinbarten Anforderungen, um ma\u00dfgeschneiderte L\u00f6sungen zu bieten.\nDie Preisbildung unserer beworbenen Produkte wird von verschiedenen Faktoren beeinflusst, darunter die Anzahl der autorisierten L\u00e4nder f\u00fcr den Vertrieb sowie die verf\u00fcgbare Produktmenge. Wir stellen sicher, dass unsere Preise fair und wettbewerbsf\u00e4hig sind, w\u00e4hrend wir gleichzeitig die spezifischen Anforderungen unserer Kunden erf\u00fcllen.<h3 class=\"wp-block-heading\">\u0421\u043e\u0441\u0440\u0435\u0434\u043e\u0442\u043e\u0447\u044c\u0442\u0435\u0441\u044c \u043d\u0430 \u043f\u0440\u043e\u0437\u0440\u0430\u0447\u043d\u043e\u0441\u0442\u0438 \u0438 \u0443\u0441\u0442\u043e\u0439\u0447\u0438\u0432\u044b\u0445 \u043f\u0440\u0430\u043a\u0442\u0438\u043a\u0430\u0445<\/h3>Unsere wichtigsten Grunds\u00e4tzeTransparente ArbeitsweiseHauseigene LogistikplanungVermarktung nur in autorisierte L\u00e4nderKein Online-MarketingKeine Online-Werbung<figure class=\"wp-block-image size-full\"><img loading=\"lazy\" decoding=\"async\" width=\"779\" height=\"778\" src=\"https:\/\/cosmostextil.com\/wp-content\/uploads\/2023\/11\/cloth-check.jpg\" alt=\"\" class=\"wp-image-2169\" srcset=\"https:\/\/cosmostextil.com\/wp-content\/uploads\/2023\/11\/cloth-check.jpg 779w, https:\/\/cosmostextil.com\/wp-content\/uploads\/2023\/11\/cloth-check-300x300.jpg 300w, https:\/\/cosmostextil.com\/wp-content\/uploads\/2023\/11\/cloth-check-150x150.jpg 150w, https:\/\/cosmostextil.com\/wp-content\/uploads\/2023\/11\/cloth-check-768x767.jpg 768w\" sizes=\"auto, (max-width: 779px) 100vw, 779px\" \/><\/figure><h3 class=\"wp-block-heading\">\u041f\u0440\u043e\u0434\u0432\u0438\u0436\u0435\u043d\u0438\u0435 \u043f\u0440\u043e\u0437\u0440\u0430\u0447\u043d\u043e\u0441\u0442\u0438, \u044d\u0442\u0438\u043a\u0438 \u0438 \u0443\u0441\u0442\u043e\u0439\u0447\u0438\u0432\u043e\u0441\u0442\u0438<\/h3>Die Cosmos Textil legt Wert auf Transparenz und ethische Gesch\u00e4ftspraktiken, dies ist f\u00fcr uns von zentraler Bedeutung. Wir pflegen enge Kooperationen mit unseren Partnern, um sicherzustellen, dass unsere Philosophie in den jeweiligen autorisierten L\u00e4ndern umgesetzt wird.\nUnser Hauptgesch\u00e4ftsbereich, der Handel von Restposten, spielt eine aktive Rolle in der Schonung von Ressourcen. Durch die Wiederverwertung \u00fcbersch\u00fcssiger Waren reduzieren wir nicht nur die Verschwendung, sondern mindern auch die Notwendigkeit neuer Produktionen. Unser Team strebt immer nach Verbesserungen und umweltfreundlichen L\u00f6sungen, um positiven Wandel voranzutreiben. Wir legen nicht nur Wert auf wirtschaftlichen Erfolg, sondern auch auf unser Engagement f\u00fcr die Umwelt. Dieser Ansatz f\u00fchrt zu einem verringerten \u00f6kologischen Fu\u00dfabdruck.\nDurch das gezielte Management von Restbest\u00e4nden setzen wir Ma\u00dfst\u00e4be f\u00fcr eine gr\u00fcnere Zukunft, sowohl in unserer Branche als auch dar\u00fcber hinaus.<figure class=\"wp-block-image size-full\"><img loading=\"lazy\" decoding=\"async\" width=\"606\" height=\"606\" src=\"https:\/\/cosmostextil.com\/wp-content\/uploads\/2023\/11\/cloth-sus.png\" alt=\"\" class=\"wp-image-2174\" srcset=\"https:\/\/cosmostextil.com\/wp-content\/uploads\/2023\/11\/cloth-sus.png 606w, https:\/\/cosmostextil.com\/wp-content\/uploads\/2023\/11\/cloth-sus-300x300.png 300w, https:\/\/cosmostextil.com\/wp-content\/uploads\/2023\/11\/cloth-sus-150x150.png 150w\" sizes=\"auto, (max-width: 606px) 100vw, 606px\" \/><\/figure><h3 class=\"wp-block-heading\">\u041e\u0442\u0432\u0435\u0442\u0441\u0442\u0432\u0435\u043d\u043d\u043e\u0441\u0442\u044c \u043f\u0435\u0440\u0435\u0434 \u043f\u0430\u0440\u0442\u043d\u0435\u0440\u0430\u043c\u0438 \u043f\u043e \u0434\u043e\u0433\u043e\u0432\u043e\u0440\u0443<\/h3>Cosmos Textil Trading verpflichtet sich zu h\u00f6chster Verantwortung gegen\u00fcber seinen Vertragspartnern.VerantwortungBei Cosmos Textil nehmen wir unsere Verantwortung gegen\u00fcber unseren Vertragspartnern ernst. Unsere Gesch\u00e4ftspraktiken sind transparent, und wir setzen auf eine strikte Vermarktungspolitik, um sicherzustellen, dass unsere Produkte nur in genehmigten L\u00e4ndern vertrieben werden. Regelm\u00e4\u00dfige \u00dcberpr\u00fcfungen und interne Kontrollen in den Zielm\u00e4rkten gew\u00e4hrleisten, dass unsere Standards erf\u00fcllt werden. Im Falle von Fehlverhalten reagieren wir direkt und effizient, um Probleme schnell zu l\u00f6sen. Unsere Verantwortung geht \u00fcber das Gesch\u00e4ftliche hinaus und spiegelt unsere ethische und nachhaltige Verpflichtung wider.<figure class=\"wp-block-image size-full\"><img loading=\"lazy\" decoding=\"async\" width=\"656\" height=\"640\" src=\"https:\/\/cosmostextil.com\/wp-content\/uploads\/2023\/11\/thumb-up-2.jpg\" alt=\"\" class=\"wp-image-2179\" srcset=\"https:\/\/cosmostextil.com\/wp-content\/uploads\/2023\/11\/thumb-up-2.jpg 656w, https:\/\/cosmostextil.com\/wp-content\/uploads\/2023\/11\/thumb-up-2-300x293.jpg 300w\" sizes=\"auto, (max-width: 656px) 100vw, 656px\" \/><\/figure><h3 class=\"has-text-align-center wp-block-heading\">Cosmos Textil Trading S.L.<\/h3><h3 class=\"has-text-align-center wp-block-heading\">\u0421\u0432\u044f\u0436\u0438\u0442\u0435\u0441\u044c \u0441 \u043d\u0430\u043c\u0438<\/h3><h4 class=\"wp-block-heading\">\u041e\u0444\u0438\u0441<\/h4>C. las Guirnaldas, 42<br\/>P.1, 29749  <br\/>Cajiz, Malaga<br\/>Spanien<h4 class=\"wp-block-heading\">e-mail<\/h4>info@cosmostextil.com<h4 class=\"wp-block-heading\">\u0422\u0435\u043b\u0435\u0444\u043e\u043d<\/h4>+34 952 71 69 43<figure class=\"wp-block-image size-full\"><img loading=\"lazy\" decoding=\"async\" width=\"1024\" height=\"1024\" src=\"https:\/\/cosmostextil.com\/wp-content\/uploads\/2023\/11\/rakete-klamotten.jpg\" alt=\"\" class=\"wp-image-2089\" srcset=\"https:\/\/cosmostextil.com\/wp-content\/uploads\/2023\/11\/rakete-klamotten.jpg 1024w, https:\/\/cosmostextil.com\/wp-content\/uploads\/2023\/11\/rakete-klamotten-300x300.jpg 300w, https:\/\/cosmostextil.com\/wp-content\/uploads\/2023\/11\/rakete-klamotten-150x150.jpg 150w, https:\/\/cosmostextil.com\/wp-content\/uploads\/2023\/11\/rakete-klamotten-768x768.jpg 768w\" sizes=\"auto, (max-width: 1024px) 100vw, 1024px\" \/><\/figure>ArtikelEinzelh\u00e4ndlerLagergr\u00f6\u00dfe<figure class=\"wp-block-image size-full\"><img loading=\"lazy\" decoding=\"async\" width=\"209\" height=\"209\" src=\"https:\/\/cosmostextil.com\/wp-content\/uploads\/2023\/11\/cloth-lupe.png\" alt=\"\" class=\"wp-image-2149\" srcset=\"https:\/\/cosmostextil.com\/wp-content\/uploads\/2023\/11\/cloth-lupe.png 209w, https:\/\/cosmostextil.com\/wp-content\/uploads\/2023\/11\/cloth-lupe-150x150.png 150w\" sizes=\"auto, (max-width: 209px) 100vw, 209px\" \/><\/figure>Unsere Standardpraxis bez\u00fcglich der Zahlungsmodalit\u00e4ten sieht grunds\u00e4tzlich eine Vorauszahlung vor, die unverz\u00fcglich von unserer Seite aus \u00fcberwiesen wird. Diese Vorgehensweise gew\u00e4hrleistet eine effiziente und reibungslose Abwicklung der finanziellen Transaktionen.Unser erfahrenes Logistikteam \u00fcbernimmt die komplette Organisation der Abholung \u00fcber Luft, See und Land. Wir sorgen daf\u00fcr, dass der Abholungsprozess m\u00f6glichst reibungslos verl\u00e4uft und die effizienteste Transportroute gew\u00e4hlt wird, um Ihre Waren sicher ans Ziel zu bringen.Auf Grundlage Ihres Angebots sowie der spezifischen Warengruppen und autorisierten Verkaufsl\u00e4nder erarbeiten wir ein individuell zugeschnittenes Angebot f\u00fcr Ihr Produktportfolio.PreisgestaltungNachhaltigkeitPartnerautorisierungDirekte KommunikationSchnelle Reaktion auf KundenfehlerverhaltenAuthentischer MarkenschutzNachhaltigkeit durch Weiterverwendung<h3>\u00dcber uns<\/h3>\n<p>\u041a\u043e\u043c\u043f\u0430\u043d\u0438\u044f Cosmos Textil \u0431\u044b\u043b\u0430 \u043e\u0441\u043d\u043e\u0432\u0430\u043d\u0430 \u0434\u043b\u044f \u0442\u043e\u0433\u043e, \u0447\u0442\u043e\u0431\u044b \u043e\u0431\u044a\u0435\u0434\u0438\u043d\u0438\u0442\u044c \u0443\u0441\u0442\u043e\u0439\u0447\u0438\u0432\u043e\u0435 \u0440\u0430\u0437\u0432\u0438\u0442\u0438\u0435 \u0438 \u043f\u0440\u0435\u0434\u043f\u0440\u0438\u043d\u0438\u043c\u0430\u0442\u0435\u043b\u044c\u0441\u043a\u0438\u0439 \u0443\u0441\u043f\u0435\u0445.\n<br\/>\u041c\u044b \u043d\u0430\u0447\u0430\u043b\u0438 \u0441 \u0443\u0441\u0442\u0430\u043d\u043e\u0432\u043b\u0435\u043d\u0438\u044f \u043f\u0430\u0440\u0442\u043d\u0435\u0440\u0441\u043a\u0438\u0445 \u043e\u0442\u043d\u043e\u0448\u0435\u043d\u0438\u0439 \u043f\u043e \u0432\u0441\u0435\u043c\u0443 \u043c\u0438\u0440\u0443, \u0447\u0442\u043e\u0431\u044b \u0441\u043e\u0445\u0440\u0430\u043d\u0438\u0442\u044c \u0446\u0435\u043d\u043d\u043e\u0441\u0442\u044c \u0438\u0437\u043b\u0438\u0448\u043a\u043e\u0432 \u0442\u043e\u0432\u0430\u0440\u043e\u0432 \u0438 \u0434\u0430\u0442\u044c \u0438\u043c \u0432\u0442\u043e\u0440\u043e\u0439 \u0448\u0430\u043d\u0441. \u0421\u0435\u0433\u043e\u0434\u043d\u044f \u043d\u0430\u0448\u0430 \u043f\u043e\u0441\u0442\u043e\u044f\u043d\u043d\u043e \u0440\u0430\u0441\u0442\u0443\u0449\u0430\u044f \u0441\u0435\u0442\u044c \u0434\u0438\u0441\u0442\u0440\u0438\u0431\u0443\u0446\u0438\u0438 \u043e\u0445\u0432\u0430\u0442\u044b\u0432\u0430\u0435\u0442 35 \u0441\u0442\u0440\u0430\u043d.\n\u041f\u043e\u043c\u0438\u043c\u043e \u0432\u044b\u0434\u0430\u044e\u0449\u0435\u0433\u043e\u0441\u044f \u043a\u0430\u0447\u0435\u0441\u0442\u0432\u0430 \u043e\u0431\u0441\u043b\u0443\u0436\u0438\u0432\u0430\u043d\u0438\u044f \u0438 \u043e\u0431\u0448\u0438\u0440\u043d\u043e\u0433\u043e \u043f\u043e\u0440\u0442\u0444\u0435\u043b\u044f \u0431\u0440\u0435\u043d\u0434\u043e\u0432, \u043d\u0430\u0441 \u043e\u0442\u043b\u0438\u0447\u0430\u0435\u0442 \u043f\u043e\u0441\u0442\u043e\u044f\u043d\u043d\u044b\u0439 \u0440\u043e\u0441\u0442.\n<br\/>\u0412 \u043d\u0430\u0441\u0442\u043e\u044f\u0449\u0435\u0435 \u0432\u0440\u0435\u043c\u044f \u043c\u044b \u043f\u0440\u0435\u0434\u043b\u0430\u0433\u0430\u0435\u043c \u0432\u043f\u0435\u0447\u0430\u0442\u043b\u044f\u044e\u0449\u0438\u0439 \u0432\u044b\u0431\u043e\u0440 \u0438\u0437 \u043e\u043a\u043e\u043b\u043e 8 \u043c\u0438\u043b\u043b\u0438\u043e\u043d\u043e\u0432 \u0442\u043e\u0432\u0430\u0440\u043e\u0432 \u043e\u0442 90 \u0438\u0437\u0432\u0435\u0441\u0442\u043d\u044b\u0445 \u043c\u043e\u0434\u043d\u044b\u0445 \u0431\u0440\u0435\u043d\u0434\u043e\u0432 \u0432 \u0433\u043e\u0434. Cosmos Textil \u0433\u043e\u0440\u0434\u0438\u0442\u0441\u044f \u0442\u0435\u043c, \u0447\u0442\u043e \u0432\u044b\u0431\u0440\u0430\u043b \u0443\u0441\u0442\u043e\u0439\u0447\u0438\u0432\u044b\u0439 \u043f\u0443\u0442\u044c \u0432 \u0438\u043d\u0434\u0443\u0441\u0442\u0440\u0438\u0438 \u043c\u043e\u0434\u044b.\n\u041f\u043b\u043e\u0449\u0430\u0434\u044c \u043d\u0430\u0448\u0438\u0445 \u0441\u043a\u043b\u0430\u0434\u043e\u0432 \u0441\u043e\u0441\u0442\u0430\u0432\u043b\u044f\u0435\u0442 \u043e\u043a\u043e\u043b\u043e 6 000 \u043a\u0432\u0430\u0434\u0440\u0430\u0442\u043d\u044b\u0445 \u043c\u0435\u0442\u0440\u043e\u0432, \u0430 \u0448\u0442\u0430\u0442 \u0441\u043e\u0442\u0440\u0443\u0434\u043d\u0438\u043a\u043e\u0432 &#8211; 45 \u0447\u0435\u043b\u043e\u0432\u0435\u043a.\n\u042d\u0442\u043e \u0434\u0430\u0435\u0442 \u043d\u0430\u043c \u0432\u043e\u0437\u043c\u043e\u0436\u043d\u043e\u0441\u0442\u044c \u0432\u043d\u0435\u0441\u0442\u0438 \u0434\u043e\u043f\u043e\u043b\u043d\u0438\u0442\u0435\u043b\u044c\u043d\u044b\u0439 \u0432\u043a\u043b\u0430\u0434 \u0432 \u0446\u0435\u043f\u043e\u0447\u043a\u0443 \u0441\u043e\u0437\u0434\u0430\u043d\u0438\u044f \u0441\u0442\u043e\u0438\u043c\u043e\u0441\u0442\u0438 \u0432 \u043d\u0430\u0448\u0435\u043c \u043e\u0441\u043d\u043e\u0432\u043d\u043e\u043c \u0431\u0438\u0437\u043d\u0435\u0441\u0435 \u0432 \u043a\u0430\u0447\u0435\u0441\u0442\u0432\u0435 \u0432\u0442\u043e\u0440\u0438\u0447\u043d\u043e\u0433\u043e \u043f\u0440\u043e\u0434\u0430\u0432\u0446\u0430.     <\/p>\n<h3>Unsere Werte<\/h3>\n<p>\u041f\u043e\u0434 \u0434\u0435\u0432\u0438\u0437\u043e\u043c &#8220;\u0412\u0430\u0448\u0435 \u0443\u043c\u043d\u043e\u0435 \u0440\u0435\u0448\u0435\u043d\u0438\u0435 \u0434\u043b\u044f \u0441\u043a\u043b\u0430\u0434\u0430&#8221; Cosmos Textil \u0434\u0435\u043c\u043e\u043d\u0441\u0442\u0440\u0438\u0440\u0443\u0435\u0442 \u0441\u043e\u0432\u0440\u0435\u043c\u0435\u043d\u043d\u044b\u0435 \u0441\u0442\u0440\u0443\u043a\u0442\u0443\u0440\u044b, \u043a\u043e\u0442\u043e\u0440\u044b\u0435 \u043c\u044b \u0440\u0430\u0437\u0440\u0430\u0431\u0430\u0442\u044b\u0432\u0430\u043b\u0438 \u043d\u0430 \u043f\u0440\u043e\u0442\u044f\u0436\u0435\u043d\u0438\u0438 \u043c\u043d\u043e\u0433\u0438\u0445 \u043b\u0435\u0442.\n\u041d\u0430\u0448\u0438 \u043a\u043e\u0440\u043f\u043e\u0440\u0430\u0442\u0438\u0432\u043d\u044b\u0435 \u0446\u0435\u043d\u043d\u043e\u0441\u0442\u0438 &#8211; \u044d\u0442\u043e \u043d\u0435 \u0442\u043e\u043b\u044c\u043a\u043e \u043d\u0435\u043e\u0442\u044a\u0435\u043c\u043b\u0435\u043c\u0430\u044f \u0447\u0430\u0441\u0442\u044c \u043d\u0430\u0448\u0435\u0439 \u0438\u0434\u0435\u043d\u0442\u0438\u0447\u043d\u043e\u0441\u0442\u0438, \u043d\u043e \u0438 \u043e\u0442\u0440\u0430\u0436\u0435\u043d\u0438\u0435 \u043d\u0430\u0448\u0435\u0439 \u043f\u0440\u043e\u0444\u0435\u0441\u0441\u0438\u043e\u043d\u0430\u043b\u044c\u043d\u043e\u0439 \u0434\u0435\u044f\u0442\u0435\u043b\u044c\u043d\u043e\u0441\u0442\u0438.\n\u0421 \u043f\u043e\u043c\u043e\u0449\u044c\u044e \u044d\u0442\u043e\u0439 \u043a\u043e\u043d\u0446\u0435\u043f\u0446\u0438\u0438 \u043c\u044b \u0441\u0442\u0430\u0432\u0438\u043c \u0431\u0443\u0434\u0443\u0449\u0435\u0435 \u0442\u0435\u043a\u0441\u0442\u0438\u043b\u044c\u043d\u043e\u0433\u043e \u0431\u0438\u0437\u043d\u0435\u0441\u0430 \u0432\u043e \u0433\u043b\u0430\u0432\u0443 \u0443\u0433\u043b\u0430 \u0438 \u0443\u0441\u0442\u0430\u043d\u0430\u0432\u043b\u0438\u0432\u0430\u0435\u043c \u0441\u0442\u0430\u043d\u0434\u0430\u0440\u0442\u044b \u0438\u043d\u043d\u043e\u0432\u0430\u0446\u0438\u043e\u043d\u043d\u044b\u0445 \u0440\u0435\u0448\u0435\u043d\u0438\u0439.  <\/p>Zahlung per VorkasseUnter dem Leitmotiv &#8220;the smart stock solutions&#8221; manifestieren sich bei Cosmos Textil die zeitgem\u00e4\u00dfen Strukturen, die wir \u00fcber viele Jahre hinweg entwickelt haben. Unsere Unternehmenswerte sind nicht nur ein wesentlicher Bestandteil unserer Identit\u00e4t, sondern auch ein Spiegelbild unserer tiefen Leidenschaft f\u00fcr unsere Arbeit. Sie stehen f\u00fcr unser Bestreben nach fortschrittlichem Denken sowie unsere entschiedene Verpflichtung zu nachhaltigen Handelspraktiken und Umweltschutz. Mit diesem Konzept r\u00fccken wir die Zukunft des Textilgesch\u00e4fts in den Mittelpunkt und setzen Ma\u00dfst\u00e4be f\u00fcr innovative L\u00f6sungen.","protected":false},"excerpt":{"rendered":"<p>\u0422\u043e\u0440\u0433\u043e\u0432\u0430\u044f \u0441\u0435\u0442\u044c In enger Zusammenarbeit mit unseren Partnern haben wir ein umfassendes Vertriebsnetz in 35 L\u00e4ndern aufgebaut, das insgesamt mehr als 1.200 B2B und B2C Kunden erreicht. J\u00e4hrlich bewegt sich unser Verkaufsvolumen bei etwa 8 Millionen Artikeln, die ausschlie\u00dflich in autorisierte L\u00e4nder abgesetzt werden.EuropaAsienAfrikaNaher OstenNord-, S\u00fcd- und Mittelamerika \u0423\u043c\u043d\u043e\u0435 \u0440\u0435\u0448\u0435\u043d\u0438\u0435 \u0434\u043b\u044f \u0441\u0442\u0430\u0440\u044b\u0445 \u0442\u0435\u043a\u0441\u0442\u0438\u043b\u044c\u043d\u044b\u0445 \u0437\u0430\u043f\u0430\u0441\u043e\u0432. Entdecken [&hellip;]<\/p>\n","protected":false},"author":3,"featured_media":0,"parent":0,"menu_order":0,"comment_status":"closed","ping_status":"closed","template":"","meta":{"_acf_changed":false,"footnotes":""},"class_list":["post-2464","page","type-page","status-publish","hentry"],"acf":[],"_links":{"self":[{"href":"https:\/\/cosmostextil.com\/ru\/wp-json\/wp\/v2\/pages\/2464","targetHints":{"allow":["GET"]}}],"collection":[{"href":"https:\/\/cosmostextil.com\/ru\/wp-json\/wp\/v2\/pages"}],"about":[{"href":"https:\/\/cosmostextil.com\/ru\/wp-json\/wp\/v2\/types\/page"}],"author":[{"embeddable":true,"href":"https:\/\/cosmostextil.com\/ru\/wp-json\/wp\/v2\/users\/3"}],"replies":[{"embeddable":true,"href":"https:\/\/cosmostextil.com\/ru\/wp-json\/wp\/v2\/comments?post=2464"}],"version-history":[{"count":2,"href":"https:\/\/cosmostextil.com\/ru\/wp-json\/wp\/v2\/pages\/2464\/revisions"}],"predecessor-version":[{"id":2472,"href":"https:\/\/cosmostextil.com\/ru\/wp-json\/wp\/v2\/pages\/2464\/revisions\/2472"}],"wp:attachment":[{"href":"https:\/\/cosmostextil.com\/ru\/wp-json\/wp\/v2\/media?parent=2464"}],"curies":[{"name":"wp","href":"https:\/\/api.w.org\/{rel}","templated":true}]}}