{"id":2450,"date":"2024-08-02T16:47:30","date_gmt":"2024-08-02T14:47:30","guid":{"rendered":"https:\/\/cosmostextil.com\/homepage-copia\/"},"modified":"2024-08-02T17:21:22","modified_gmt":"2024-08-02T15:21:22","slug":"homepage-copia","status":"publish","type":"page","link":"https:\/\/cosmostextil.com\/it\/","title":{"rendered":"Homepage (Copia)"},"content":{"rendered":"<h1 class=\"wp-block-heading\">Rete commerciale<\/h1>\n\nIn stretta collaborazione con i nostri partner, abbiamo creato una vasta rete di vendita in 35 paesi che raggiunge un totale di oltre 1.200 clienti B2B e B2C.\nIl nostro volume di vendite annuale \u00e8 di circa 8 milioni di articoli, venduti esclusivamente nei paesi autorizzati.\n\nEuropa\n\nAsia\n\nAfrica\n\nMedio Oriente\n\nNord, Sud e Centro America\n\n<figure class=\"wp-block-image size-full\"><img loading=\"lazy\" decoding=\"async\" width=\"1792\" height=\"1024\" src=\"https:\/\/cosmostextil.com\/wp-content\/uploads\/2023\/11\/world-map-cloth-1.jpg\" alt class=\"wp-image-2194\" srcset=\"https:\/\/cosmostextil.com\/wp-content\/uploads\/2023\/11\/world-map-cloth-1.jpg 1792w, https:\/\/cosmostextil.com\/wp-content\/uploads\/2023\/11\/world-map-cloth-1-300x171.jpg 300w, https:\/\/cosmostextil.com\/wp-content\/uploads\/2023\/11\/world-map-cloth-1-1024x585.jpg 1024w, https:\/\/cosmostextil.com\/wp-content\/uploads\/2023\/11\/world-map-cloth-1-768x439.jpg 768w, https:\/\/cosmostextil.com\/wp-content\/uploads\/2023\/11\/world-map-cloth-1-1536x878.jpg 1536w\" sizes=\"auto, (max-width: 1792px) 100vw, 1792px\" \/><\/figure>\n\n<h1 class=\"wp-block-heading\">La soluzione intelligente per i vecchi stock tessili.<\/h1>\n\nScopri come Cosmos Textil pu\u00f2 aiutarti a ottenere di pi\u00f9 dalle tue eccedenze tessili.\nApprofitta dei 30 anni di esperienza di Cosmos Textil.\n\n<figure class=\"wp-block-image size-full\"><img loading=\"lazy\" decoding=\"async\" width=\"1216\" height=\"1216\" src=\"https:\/\/cosmostextil.com\/wp-content\/uploads\/2024\/02\/magnific-Mhmao8pvXrOKJVBZBkOW-world.jpeg\" alt class=\"wp-image-2345\" srcset=\"https:\/\/cosmostextil.com\/wp-content\/uploads\/2024\/02\/magnific-Mhmao8pvXrOKJVBZBkOW-world.jpeg 1216w, https:\/\/cosmostextil.com\/wp-content\/uploads\/2024\/02\/magnific-Mhmao8pvXrOKJVBZBkOW-world-300x300.jpeg 300w, https:\/\/cosmostextil.com\/wp-content\/uploads\/2024\/02\/magnific-Mhmao8pvXrOKJVBZBkOW-world-1024x1024.jpeg 1024w, https:\/\/cosmostextil.com\/wp-content\/uploads\/2024\/02\/magnific-Mhmao8pvXrOKJVBZBkOW-world-150x150.jpeg 150w, https:\/\/cosmostextil.com\/wp-content\/uploads\/2024\/02\/magnific-Mhmao8pvXrOKJVBZBkOW-world-768x768.jpeg 768w\" sizes=\"auto, (max-width: 1216px) 100vw, 1216px\" \/><\/figure>\n\n<div class=\"wp-block-buttons is-layout-flex wp-block-buttons-is-layout-flex\"><div class=\"wp-block-button\"><a class=\"wp-block-button__link\">CONTATTO<\/a><\/div><\/div>\n\n<h2 class=\"wp-block-heading\">Scopri il potenziale dei tuoi vecchi tessuti.<\/h2>\n\nLa nostra azienda \u00e8 sinonimo di successo sostenibile grazie a partnership globali, una rete di distribuzione in 35 paesi e la fornitura di 8 milioni di articoli di 90 rinomati marchi di moda ogni anno.\nCon un&#8217;attenzione particolare alla crescita sostenibile e un&#8217;area di magazzino di 6.000 metri quadrati, diamo un contributo significativo alla catena di valore sostenibile dell&#8217;industria della moda.\n\nL&#8217;esperienza di Cosmos Textil consiste nell&#8217;acquisto e nella vendita internazionale di stock di moda.\nCon oltre 25 anni di esperienza, ti offriamo una collaborazione professionale basata su competenza e supporto duraturo.\n\n<h2 class=\"has-text-align-center wp-block-heading\">I vantaggi di una partnership con Cosmos Textil<\/h2>\n\n<h3 class=\"wp-block-heading\">Aspetti di sicurezza<\/h3>\n\nTutti i processi di acquisto e vendita sono caratterizzati dalla massima attenzione per garantire i diritti dei nostri partner di marca.\nLa nostra priorit\u00e0 assoluta \u00e8 garantire che i prodotti che commercializziamo siano commercializzati solo nei paesi autorizzati.\nQuesto approccio assicura che i nostri partner mantengano il pieno controllo sui loro prodotti di marca e contribuisce positivamente al mantenimento della reputazione dei marchi.\n\n<h3 class=\"wp-block-heading\">Elaborazione logistica<\/h3>\n\nI nostri responsabili della logistica sono specializzati nella pianificazione di ritiri e consegne individuali in modo efficiente e sostenibile, in linea con gli aspetti legati ai costi.\nI nostri responsabili del trasporto possono organizzare il processo logistico per via aerea, marittima o terrestre, a seconda delle tue esigenze individuali.\n\n<h3 class=\"wp-block-heading\">Attivit\u00e0 di trading<\/h3>\n\nCosmos Textil \u00e8 specializzata nel supportare l&#8217;industria della moda nell&#8217;elaborazione sicura e trasparente delle rimanenze di magazzino, dei resi online e dei reclami dei clienti.\nIn qualit\u00e0 di commerciante secondario, non solo offriamo ai prodotti scartati una nuova prospettiva, ma ti supportiamo attivamente per ottimizzare la pianificazione dello spazio di stoccaggio.\nQuesta catena di processi sostenibili conserva le risorse naturali e migliora la tua impronta ambientale.\n\n<h3 class=\"wp-block-heading\">I vantaggi di una partnership con Cosmos Textil<\/h3>\n\nLavorare con Cosmos Textil offre un&#8217;ampia gamma di vantaggi grazie alla nostra pluriennale esperienza nell&#8217;acquisto e nella vendita internazionale di articoli di moda.\nCon 25 anni di esperienza, ti offriamo una partnership professionale basata su competenze complete e supporto a lungo termine.\n\nPaesi\n\n<figure class=\"wp-block-image size-full\"><img loading=\"lazy\" decoding=\"async\" width=\"213\" height=\"213\" src=\"https:\/\/cosmostextil.com\/wp-content\/uploads\/2023\/11\/logistics-lupe.png\" alt class=\"wp-image-2159\" srcset=\"https:\/\/cosmostextil.com\/wp-content\/uploads\/2023\/11\/logistics-lupe.png 213w, https:\/\/cosmostextil.com\/wp-content\/uploads\/2023\/11\/logistics-lupe-150x150.png 150w\" sizes=\"auto, (max-width: 213px) 100vw, 213px\" \/><\/figure>\n\n<h3 class=\"wp-block-heading\">Collezione<\/h3>\n\n<figure class=\"wp-block-image size-full\"><img loading=\"lazy\" decoding=\"async\" width=\"190\" height=\"191\" src=\"https:\/\/cosmostextil.com\/wp-content\/uploads\/2023\/11\/euro-lupe.png\" alt class=\"wp-image-2154\" srcset=\"https:\/\/cosmostextil.com\/wp-content\/uploads\/2023\/11\/euro-lupe.png 190w, https:\/\/cosmostextil.com\/wp-content\/uploads\/2023\/11\/euro-lupe-150x150.png 150w\" sizes=\"auto, (max-width: 190px) 100vw, 190px\" \/><\/figure>\n\n<h3 class=\"wp-block-heading\">Pagamento<\/h3>\n\n<h3 class=\"wp-block-heading\">Valutazione<\/h3>\n\nFinch\u00e9 il tuo contenuto non \u00e8 pronto\n\n<h2 class=\"wp-block-heading\">Transazione di acquisto<\/h2>\n\nLa nostra attenzione si concentra sull&#8217;acquisto delle scorte rimanenti e dei resi dei clienti al dettaglio e online.\nQuesti diversi stock vengono controllati con attenzione dai team di esperti dei nostri partner.\nGrazie alla nostra esperienza pluriennale, ci assicuriamo che la merce sia smistata e combinata in modo ottimale.\nDopo questa accurata selezione, gli articoli vengono imballati professionalmente in balle pronte per la vendita.\n\n<figure class=\"wp-block-image size-full\"><img loading=\"lazy\" decoding=\"async\" width=\"668\" height=\"668\" src=\"https:\/\/cosmostextil.com\/wp-content\/uploads\/2023\/11\/cloth-ausrufezeichen.jpg\" alt class=\"wp-image-2164\" srcset=\"https:\/\/cosmostextil.com\/wp-content\/uploads\/2023\/11\/cloth-ausrufezeichen.jpg 668w, https:\/\/cosmostextil.com\/wp-content\/uploads\/2023\/11\/cloth-ausrufezeichen-300x300.jpg 300w, https:\/\/cosmostextil.com\/wp-content\/uploads\/2023\/11\/cloth-ausrufezeichen-150x150.jpg 150w\" sizes=\"auto, (max-width: 668px) 100vw, 668px\" \/><\/figure>\n\nCosmos Textil Trading si impegna a garantire il massimo livello di responsabilit\u00e0 nei confronti dei suoi partner contrattuali.\n\n<h3 class=\"wp-block-heading\">Processo di valutazione<\/h3>\n\nI nostri prezzi si basano sulla personalizzazione per soddisfare le esigenze dei nostri partner contrattuali.\nConsideriamo attentamente tutti i requisiti concordati per fornire soluzioni personalizzate.\nIl prezzo dei nostri prodotti pubblicizzati \u00e8 influenzato da vari fattori, tra cui il numero di paesi autorizzati alla distribuzione e la quantit\u00e0 di prodotto disponibile.\nCi assicuriamo che i nostri prezzi siano equi e competitivi, pur soddisfacendo le esigenze specifiche dei nostri clienti.\n\n<h3 class=\"wp-block-heading\">Concentrati sulla trasparenza e sulle pratiche sostenibili<\/h3>\n\nI nostri principi pi\u00f9 importanti\n\nMetodi di lavoro trasparenti\n\nPianificazione logistica interna\n\nCommercializzazione solo nei paesi autorizzati\n\nNessun marketing online\n\nNessuna pubblicit\u00e0 online\n\n<figure class=\"wp-block-image size-full\"><img loading=\"lazy\" decoding=\"async\" width=\"779\" height=\"778\" src=\"https:\/\/cosmostextil.com\/wp-content\/uploads\/2023\/11\/cloth-check.jpg\" alt class=\"wp-image-2169\" srcset=\"https:\/\/cosmostextil.com\/wp-content\/uploads\/2023\/11\/cloth-check.jpg 779w, https:\/\/cosmostextil.com\/wp-content\/uploads\/2023\/11\/cloth-check-300x300.jpg 300w, https:\/\/cosmostextil.com\/wp-content\/uploads\/2023\/11\/cloth-check-150x150.jpg 150w, https:\/\/cosmostextil.com\/wp-content\/uploads\/2023\/11\/cloth-check-768x767.jpg 768w\" sizes=\"auto, (max-width: 779px) 100vw, 779px\" \/><\/figure>\n\n<h3 class=\"wp-block-heading\">Promuovere la trasparenza, l&#8217;etica e la sostenibilit\u00e0<\/h3>\n\nCosmos Textil attribuisce grande importanza alla trasparenza e alle pratiche commerciali etiche, che per noi sono di fondamentale importanza.\nManteniamo una stretta collaborazione con i nostri partner per garantire che la nostra filosofia venga applicata nei rispettivi paesi autorizzati.\nLa nostra principale area di attivit\u00e0, il commercio di scorte residue, svolge un ruolo attivo nella conservazione delle risorse.\nRiciclando le merci in eccedenza, non solo riduciamo gli sprechi, ma minimizziamo anche la necessit\u00e0 di una nuova produzione.\nIl nostro team \u00e8 sempre alla ricerca di miglioramenti e soluzioni ecologiche per promuovere un cambiamento positivo.\nNon diamo priorit\u00e0 solo al successo commerciale, ma anche al nostro impegno nei confronti dell&#8217;ambiente.\nQuesto approccio porta a una riduzione dell&#8217;impatto ambientale.\nGrazie alla gestione mirata delle scorte residue, stiamo definendo gli standard per un futuro pi\u00f9 verde, sia nel nostro settore che in altri.\n\n<figure class=\"wp-block-image size-full\"><img loading=\"lazy\" decoding=\"async\" width=\"606\" height=\"606\" src=\"https:\/\/cosmostextil.com\/wp-content\/uploads\/2023\/11\/cloth-sus.png\" alt class=\"wp-image-2174\" srcset=\"https:\/\/cosmostextil.com\/wp-content\/uploads\/2023\/11\/cloth-sus.png 606w, https:\/\/cosmostextil.com\/wp-content\/uploads\/2023\/11\/cloth-sus-300x300.png 300w, https:\/\/cosmostextil.com\/wp-content\/uploads\/2023\/11\/cloth-sus-150x150.png 150w\" sizes=\"auto, (max-width: 606px) 100vw, 606px\" \/><\/figure>\n\n<h3 class=\"wp-block-heading\">Responsabilit\u00e0 nei confronti dei partner contrattuali<\/h3>\n\nCosmos Textil Trading si impegna a garantire il massimo livello di responsabilit\u00e0 nei confronti dei suoi partner contrattuali.\n\nResponsabilit\u00e0\n\nNoi di Cosmos Textil prendiamo sul serio la nostra responsabilit\u00e0 nei confronti dei nostri partner contrattuali.\nLe nostre pratiche commerciali sono trasparenti e abbiamo una rigorosa politica di marketing per garantire che i nostri prodotti siano distribuiti solo nei paesi autorizzati.\nAudit regolari e controlli interni nei mercati di destinazione garantiscono il rispetto dei nostri standard.\nIn caso di comportamenti scorretti, reagiamo in modo diretto ed efficiente per risolvere rapidamente i problemi.\nLa nostra responsabilit\u00e0 va oltre gli affari e riflette il nostro impegno etico e sostenibile.\n\n<figure class=\"wp-block-image size-full\"><img loading=\"lazy\" decoding=\"async\" width=\"656\" height=\"640\" src=\"https:\/\/cosmostextil.com\/wp-content\/uploads\/2023\/11\/thumb-up-2.jpg\" alt class=\"wp-image-2179\" srcset=\"https:\/\/cosmostextil.com\/wp-content\/uploads\/2023\/11\/thumb-up-2.jpg 656w, https:\/\/cosmostextil.com\/wp-content\/uploads\/2023\/11\/thumb-up-2-300x293.jpg 300w\" sizes=\"auto, (max-width: 656px) 100vw, 656px\" \/><\/figure>\n\n<h3 class=\"has-text-align-center wp-block-heading\">Cosmos Textil Trading S.L.<\/h3>\n\n<h3 class=\"has-text-align-center wp-block-heading\">Mettiti in contatto con noi<\/h3>\n\n<h4 class=\"wp-block-heading\">Ufficio<\/h4>\n\n<br> <br><br>C. las Guirnaldas, 42 P.1, 29749 Cajiz, Malaga Spagna\n\n<h4 class=\"wp-block-heading\">e-mail<\/h4>\n\ninfo@cosmostextil.com\n\n<h4 class=\"wp-block-heading\">Telefono<\/h4>\n\n+34 952 71 69 43\n\n<figure class=\"wp-block-image size-full\"><img loading=\"lazy\" decoding=\"async\" width=\"1024\" height=\"1024\" src=\"https:\/\/cosmostextil.com\/wp-content\/uploads\/2023\/11\/rakete-klamotten.jpg\" alt class=\"wp-image-2089\" srcset=\"https:\/\/cosmostextil.com\/wp-content\/uploads\/2023\/11\/rakete-klamotten.jpg 1024w, https:\/\/cosmostextil.com\/wp-content\/uploads\/2023\/11\/rakete-klamotten-300x300.jpg 300w, https:\/\/cosmostextil.com\/wp-content\/uploads\/2023\/11\/rakete-klamotten-150x150.jpg 150w, https:\/\/cosmostextil.com\/wp-content\/uploads\/2023\/11\/rakete-klamotten-768x768.jpg 768w\" sizes=\"auto, (max-width: 1024px) 100vw, 1024px\" \/><\/figure>\n\nArticolo\n\nRivenditore\n\nDimensioni del cuscinetto\n\n<figure class=\"wp-block-image size-full\"><img loading=\"lazy\" decoding=\"async\" width=\"209\" height=\"209\" src=\"https:\/\/cosmostextil.com\/wp-content\/uploads\/2023\/11\/cloth-lupe.png\" alt class=\"wp-image-2149\" srcset=\"https:\/\/cosmostextil.com\/wp-content\/uploads\/2023\/11\/cloth-lupe.png 209w, https:\/\/cosmostextil.com\/wp-content\/uploads\/2023\/11\/cloth-lupe-150x150.png 150w\" sizes=\"auto, (max-width: 209px) 100vw, 209px\" \/><\/figure>\n\nLa nostra prassi standard per quanto riguarda le modalit\u00e0 di pagamento prevede sempre un pagamento anticipato, che viene trasferito immediatamente da parte nostra.\nQuesta procedura garantisce un&#8217;elaborazione efficiente e senza intoppi delle transazioni finanziarie.\n\nIl nostro esperto team di logistica si occupa dell&#8217;organizzazione completa del ritiro per via aerea, marittima e terrestre.\nCi assicuriamo che il processo di ritiro si svolga nel modo pi\u00f9 fluido possibile e che venga scelto il percorso di trasporto pi\u00f9 efficiente per portare la tua merce a destinazione in tutta sicurezza.\n\nIn base alla tua offerta e agli specifici gruppi di prodotti e paesi di vendita autorizzati, sviluppiamo un&#8217;offerta personalizzata per il tuo portafoglio prodotti.\n\nPrezzi\n\nSostenibilit\u00e0\n\nAutorizzazione del partner\n\nComunicazione diretta\n\nRisposta rapida ai comportamenti sbagliati dei clienti\n\nProtezione autentica del marchio\n\nSostenibilit\u00e0 attraverso il riutilizzo\n\n<h3>Chi siamo<\/h3>\n<p>Cosmos Textil \u00e8 stata fondata per coniugare sostenibilit\u00e0 e successo imprenditoriale.\n<br>Abbiamo iniziato stringendo partnership in tutto il mondo per preservare il valore delle merci in eccedenza e dare loro una seconda possibilit\u00e0. Oggi la nostra rete di distribuzione, in continua crescita, si estende a 35 paesi.\nOltre all&#8217;eccellente qualit\u00e0 del servizio e all&#8217;ampio portafoglio di marchi, ci distinguiamo soprattutto per la continua crescita.\n<br>Attualmente offriamo un&#8217;impressionante selezione di circa 8 milioni di articoli di 90 rinomati marchi di moda ogni anno. Cosmos Textil \u00e8 orgogliosa di aver intrapreso un percorso sostenibile nel settore della moda.\nCon un magazzino di circa 6.000 metri quadrati e una forza lavoro di 45 dipendenti.\nQuesto ci d\u00e0 l&#8217;opportunit\u00e0 di dare un ulteriore contributo alla catena del valore nella nostra attivit\u00e0 principale di commerciante secondario.     <\/p>\n<h3>I nostri valori<\/h3>\n<p>Con il motto &#8220;la tua soluzione intelligente per le scorte&#8221;, Cosmos Textil manifesta le strutture contemporanee che abbiamo sviluppato nel corso degli anni.\nI nostri valori aziendali non sono solo una parte essenziale della nostra identit\u00e0, ma anche un riflesso del nostro lavoro professionale.\nCon questo concetto, mettiamo al centro il futuro del settore tessile e stabiliamo degli standard per le soluzioni innovative.  <\/p>\n\nPagamento anticipato\n\nCon il motto &#8220;le soluzioni di stock intelligenti&#8221;, Cosmos Textil manifesta le strutture contemporanee che abbiamo sviluppato nel corso degli anni.\nI nostri valori aziendali non sono solo una parte essenziale della nostra identit\u00e0, ma anche un riflesso della nostra profonda passione per il nostro lavoro.\nEssi incarnano la nostra spinta al pensiero progressista e il nostro fermo impegno verso pratiche commerciali sostenibili e la tutela dell&#8217;ambiente.\nCon questo concetto, mettiamo al centro il futuro del settore tessile e stabiliamo degli standard per le soluzioni innovative.","protected":false},"excerpt":{"rendered":"<p>Rete commerciale In stretta collaborazione con i nostri partner, abbiamo creato una vasta rete di vendita in 35 paesi che raggiunge un totale di oltre 1.200 clienti B2B e B2C. Il nostro volume di vendite annuale \u00e8 di circa 8 milioni di articoli, venduti esclusivamente nei paesi autorizzati. Europa Asia Africa Medio Oriente Nord, Sud [&hellip;]<\/p>\n","protected":false},"author":3,"featured_media":0,"parent":0,"menu_order":0,"comment_status":"closed","ping_status":"closed","template":"","meta":{"_acf_changed":false,"footnotes":""},"class_list":["post-2450","page","type-page","status-publish","hentry"],"acf":[],"_links":{"self":[{"href":"https:\/\/cosmostextil.com\/it\/wp-json\/wp\/v2\/pages\/2450","targetHints":{"allow":["GET"]}}],"collection":[{"href":"https:\/\/cosmostextil.com\/it\/wp-json\/wp\/v2\/pages"}],"about":[{"href":"https:\/\/cosmostextil.com\/it\/wp-json\/wp\/v2\/types\/page"}],"author":[{"embeddable":true,"href":"https:\/\/cosmostextil.com\/it\/wp-json\/wp\/v2\/users\/3"}],"replies":[{"embeddable":true,"href":"https:\/\/cosmostextil.com\/it\/wp-json\/wp\/v2\/comments?post=2450"}],"version-history":[{"count":5,"href":"https:\/\/cosmostextil.com\/it\/wp-json\/wp\/v2\/pages\/2450\/revisions"}],"predecessor-version":[{"id":2486,"href":"https:\/\/cosmostextil.com\/it\/wp-json\/wp\/v2\/pages\/2450\/revisions\/2486"}],"wp:attachment":[{"href":"https:\/\/cosmostextil.com\/it\/wp-json\/wp\/v2\/media?parent=2450"}],"curies":[{"name":"wp","href":"https:\/\/api.w.org\/{rel}","templated":true}]}}